{"id":294,"date":"2020-02-05T09:58:35","date_gmt":"2020-02-05T09:58:35","guid":{"rendered":"https:\/\/podahotel.al\/index.php\/deluxe-double-room-with-balcony-and-sea-view\/"},"modified":"2020-02-05T13:56:34","modified_gmt":"2020-02-05T13:56:34","slug":"deluxe-double-room-with-balcony-and-sea-view","status":"publish","type":"page","link":"https:\/\/podahotel.com\/index.php\/deluxe-double-room-with-balcony-and-sea-view\/?lang=sq","title":{"rendered":"Dhom\u00eb Deluxe Dopio me Ballkon &#038; Pamje nga Deti"},"content":{"rendered":"<div class=\"wpb-content-wrapper\"><p>[vc_row][vc_column width=&#8221;2\/3&#8243;][vc_custom_heading text=&#8221;AKOMODIMI&#8221; font_container=&#8221;tag:h2|font_size:20|text_align:left|color:%23111111&#8243; google_fonts=&#8221;font_family:Montserrat%3Aregular%2C700|font_style:400%20regular%3A400%3Anormal&#8221;][vc_custom_heading text=&#8221;Dhom\u00eb Dopio Deluxe&#8221; font_container=&#8221;tag:h2|font_size:35|text_align:left|color:%23111111&#8243; google_fonts=&#8221;font_family:Montserrat%3Aregular%2C700|font_style:400%20regular%3A400%3Anormal&#8221;][vc_custom_heading text=&#8221;me Ballkon &amp; Pamje nga Deti&#8221; font_container=&#8221;tag:h2|font_size:25|text_align:left|color:%23c9a96a&#8221; google_fonts=&#8221;font_family:Montserrat%3Aregular%2C700|font_style:400%20regular%3A400%3Anormal&#8221; css=&#8221;.vc_custom_1580910724884{margin-top: -15px !important;}&#8221;][vc_single_image image=&#8221;200&#8243; img_size=&#8221;full&#8221; image_hovers=&#8221;false&#8221;][vc_row_inner][vc_column_inner width=&#8221;5\/6&#8243;][vc_custom_heading text=&#8221;Kjo dhom\u00eb dopio p\u00ebrmban nj\u00eb ballkon, mini-bar dhe ofron pamje nga deti. Dhoma dopio \u00ebsht\u00eb ideale p\u00ebr nj\u00eb \u00e7ift. Poda Boutique Hotel i ofron turist\u00ebve dhoma t\u00eb mobiluara me kujdes, hapsir\u00eb dhe pamje relaksuese.&#8221; font_container=&#8221;tag:p|text_align:justify|color:%23111111&#8243; google_fonts=&#8221;font_family:Montserrat%3Aregular%2C700|font_style:400%20regular%3A400%3Anormal&#8221;][\/vc_column_inner][vc_column_inner width=&#8221;1\/6&#8243;][\/vc_column_inner][\/vc_row_inner][vc_empty_space height=&#8221;42px&#8221;][vc_row_inner][vc_column_inner width=&#8221;1\/4&#8243;][vc_single_image image=&#8221;251&#8243; img_size=&#8221;full&#8221; image_hovers=&#8221;false&#8221;][vc_custom_heading text=&#8221;20 m\u00b2&#8221; font_container=&#8221;tag:h4|font_size:18|text_align:left|color:%23111111&#8243; google_fonts=&#8221;font_family:Montserrat%3Aregular%2C700|font_style:400%20regular%3A400%3Anormal&#8221; css=&#8221;.vc_custom_1580893395634{margin-top: -10px !important;}&#8221;][\/vc_column_inner][vc_column_inner width=&#8221;1\/4&#8243;][vc_single_image image=&#8221;250&#8243; img_size=&#8221;full&#8221; image_hovers=&#8221;false&#8221;][vc_custom_heading text=&#8221;1 krevat dopio&#8221; font_container=&#8221;tag:h4|font_size:18|text_align:left|color:%23111111&#8243; google_fonts=&#8221;font_family:Montserrat%3Aregular%2C700|font_style:400%20regular%3A400%3Anormal&#8221; css=&#8221;.vc_custom_1580910943825{margin-top: -10px !important;}&#8221;][\/vc_column_inner][vc_column_inner width=&#8221;1\/4&#8243;][vc_single_image image=&#8221;253&#8243; img_size=&#8221;full&#8221; image_hovers=&#8221;false&#8221;][vc_custom_heading text=&#8221;2 Persona&#8221; font_container=&#8221;tag:h4|font_size:18|text_align:left|color:%23111111&#8243; google_fonts=&#8221;font_family:Montserrat%3Aregular%2C700|font_style:400%20regular%3A400%3Anormal&#8221; css=&#8221;.vc_custom_1580910966818{margin-top: -10px !important;}&#8221;][\/vc_column_inner][vc_column_inner width=&#8221;1\/4&#8243;][vc_single_image image=&#8221;216&#8243; img_size=&#8221;full&#8221; image_hovers=&#8221;false&#8221;][vc_custom_heading text=&#8221;Aj\u00ebr i kondicionuar&#8221; font_container=&#8221;tag:h4|font_size:18|text_align:left|color:%23111111&#8243; google_fonts=&#8221;font_family:Montserrat%3Aregular%2C700|font_style:400%20regular%3A400%3Anormal&#8221; css=&#8221;.vc_custom_1580910982745{margin-top: -10px !important;}&#8221;][\/vc_column_inner][\/vc_row_inner][vc_empty_space height=&#8221;42px&#8221;][vc_media_grid element_width=&#8221;3&#8243; grid_id=&#8221;vc_gid:1580910540469-f7a9ff3d-8ffc-5&#8243; include=&#8221;256,257,255,260&#8243;][\/vc_column][vc_column width=&#8221;1\/3&#8243;][vc_single_image image=&#8221;203&#8243; img_size=&#8221;full&#8221; alignment=&#8221;center&#8221; image_hovers=&#8221;false&#8221;][vc_btn title=&#8221;REZERVO TANI&#8221; style=&#8221;custom&#8221; custom_background=&#8221;#c9a96a&#8221; custom_text=&#8221;#ffffff&#8221; shape=&#8221;square&#8221; size=&#8221;lg&#8221; align=&#8221;center&#8221; button_block=&#8221;true&#8221; css=&#8221;.vc_custom_1580910992144{padding-right: 12px !important;padding-left: 12px !important;}&#8221;][\/vc_column][\/vc_row]<\/p>\n<\/div>","protected":false},"excerpt":{"rendered":"<p>[vc_row][vc_column width=&#8221;2\/3&#8243;][vc_custom_heading text=&#8221;AKOMODIMI&#8221; font_container=&#8221;tag:h2|font_size:20|text_align:left|color:%23111111&#8243; google_fonts=&#8221;font_family:Montserrat%3Aregular%2C700|font_style:400%20regular%3A400%3Anormal&#8221;][vc_custom_heading text=&#8221;Dhom\u00eb Dopio Deluxe&#8221; font_container=&#8221;tag:h2|font_size:35|text_align:left|color:%23111111&#8243; google_fonts=&#8221;font_family:Montserrat%3Aregular%2C700|font_style:400%20regular%3A400%3Anormal&#8221;][vc_custom_heading text=&#8221;me Ballkon &amp; Pamje nga Deti&#8221; font_container=&#8221;tag:h2|font_size:25|text_align:left|color:%23c9a96a&#8221; google_fonts=&#8221;font_family:Montserrat%3Aregular%2C700|font_style:400%20regular%3A400%3Anormal&#8221; css=&#8221;.vc_custom_1580910724884{margin-top: -15px !important;}&#8221;][vc_single_image image=&#8221;200&#8243; img_size=&#8221;full&#8221; image_hovers=&#8221;false&#8221;][vc_row_inner][vc_column_inner width=&#8221;5\/6&#8243;][vc_custom_heading text=&#8221;Kjo dhom\u00eb dopio p\u00ebrmban nj\u00eb ballkon, mini-bar dhe ofron pamje nga deti. Dhoma dopio \u00ebsht\u00eb ideale p\u00ebr nj\u00eb \u00e7ift. Poda Boutique Hotel i ofron turist\u00ebve dhoma t\u00eb mobiluara me kujdes,&hellip;<\/p>\n","protected":false},"author":1,"featured_media":0,"parent":0,"menu_order":0,"comment_status":"closed","ping_status":"closed","template":"","meta":{"footnotes":""},"class_list":["post-294","page","type-page","status-publish","hentry","description-off"],"_links":{"self":[{"href":"https:\/\/podahotel.com\/index.php\/wp-json\/wp\/v2\/pages\/294","targetHints":{"allow":["GET"]}}],"collection":[{"href":"https:\/\/podahotel.com\/index.php\/wp-json\/wp\/v2\/pages"}],"about":[{"href":"https:\/\/podahotel.com\/index.php\/wp-json\/wp\/v2\/types\/page"}],"author":[{"embeddable":true,"href":"https:\/\/podahotel.com\/index.php\/wp-json\/wp\/v2\/users\/1"}],"replies":[{"embeddable":true,"href":"https:\/\/podahotel.com\/index.php\/wp-json\/wp\/v2\/comments?post=294"}],"version-history":[{"count":3,"href":"https:\/\/podahotel.com\/index.php\/wp-json\/wp\/v2\/pages\/294\/revisions"}],"predecessor-version":[{"id":298,"href":"https:\/\/podahotel.com\/index.php\/wp-json\/wp\/v2\/pages\/294\/revisions\/298"}],"wp:attachment":[{"href":"https:\/\/podahotel.com\/index.php\/wp-json\/wp\/v2\/media?parent=294"}],"curies":[{"name":"wp","href":"https:\/\/api.w.org\/{rel}","templated":true}]}}